{"id":3665,"date":"2017-06-13T15:16:13","date_gmt":"2017-06-13T12:16:13","guid":{"rendered":"https:\/\/katternodigital.fi\/fokus-natur\/"},"modified":"2017-06-13T17:44:15","modified_gmt":"2017-06-13T14:44:15","slug":"katseet-luontoon","status":"publish","type":"page","link":"https:\/\/katternodigital.fi\/fi\/katseet-luontoon\/","title":{"rendered":"Katseet luontoon"},"content":{"rendered":"<div class=\"wpb-content-wrapper\"><p>[vc_row margin_top=&#8221;-30px&#8221; margin_bottom=&#8221;30px&#8221; css=&#8221;.vc_custom_1497363851010{margin-bottom: 50px !important;}&#8221;][vc_column][vc_column_text]<div class=\"ktrn-w-category-view\"><div class=\"ktrn-w-category-item shadow blue\"><a class=\"\"  href=\"teema-tieto\/\">Teema tieto<\/a><\/div><div class=\"ktrn-w-category-item shadow blue\"><a class=\"\"  href=\"teema-pohjanmaa\/\">Teema Pohjanmaa<\/a><\/div><div class=\"ktrn-w-category-item shadow blue\"><a class=\"\"  href=\"teema-energia\/\">Teema energia<\/a><\/div><div class=\"ktrn-w-category-item shadow blue\"><a class=\"\"  href=\"mielipide\/\">Mielipide<\/a><\/div><div class=\"ktrn-w-category-item shadow blue\"><a class=\"\"  href=\"katseet-luontoon\/\">Katseet luontoon<\/a><\/div><div class=\"ktrn-w-category-item shadow blue\"><a class=\"\"  href=\"trendit\/\">Trendit<\/a><\/div><div class=\"ktrn-w-category-item shadow blue\"><a class=\"\"  href=\"paikalliset\/\">Paikalliset<\/a><\/div><div class=\"ktrn-w-category-item shadow blue\"><a class=\"\"  href=\"nappula\/\">Nappula<\/a><\/div><div class=\"ktrn-w-category-item shadow blue\"><a class=\"\"  href=\"muut\/\">Muut<\/a><\/div><div class=\"ktrn-w-category-menu shadow\"><img decoding=\"async\" src=\"https:\/\/katternodigital.fi\/wp-content\/uploads\/2016\/05\/undermeny-05.svg\" \/><\/div><div class=\"ktrn-w-category-submenu shadow\"><\/div><\/div>[\/vc_column_text][\/vc_column][\/vc_row][vc_row][vc_column][vc_column_text css=&#8221;.vc_custom_1497364540087{margin-bottom: 25px !important;}&#8221;]<\/p>\n<h2 class=\"ktrn-p-header blue\">Katseet luontoon<\/h2>\n<p>[\/vc_column_text][\/vc_column][\/vc_row][vc_row][vc_column width=&#8221;1\/6&#8243;][vc_single_image image=&#8221;3581&#8243; img_size=&#8221;100&#215;150&#8243;][\/vc_column][vc_column width=&#8221;1\/2&#8243;][vc_column_text]<\/p>\n<div class=\"textLayer\">\n<div><strong>Biologi Mattias Kanckos<\/strong> ty\u00f6skentelee yrityksess\u00e4\u00e4n monipuolisten asioiden parissa. Luonto-opastukset yhdistyv\u00e4t luontokartoituksiin, ymp\u00e4rist\u00f6suunnitteluun, konsultointiin ja kurssitoimintaan. Ehdota h\u00e4nelle aiheita tuleviin artikkeleihin alla olevan yhteydenottolomakkeen kautta.<\/div>\n<\/div>\n<p>[\/vc_column_text][\/vc_column][\/vc_row][vc_row][vc_column][vc_column_text css=&#8221;.vc_custom_1456079682168{margin-bottom: 25px !important;border-bottom-width: 2px !important;padding-bottom: 15px !important;border-bottom-color: #cecdca !important;border-bottom-style: solid !important;}&#8221;][\/vc_column_text][\/vc_column][\/vc_row][vc_row][vc_column width=&#8221;2\/3&#8243;]\n<div class=\"wpcf7 no-js\" id=\"wpcf7-f1013-o1\" lang=\"sv-SE\" dir=\"ltr\">\n<div class=\"screen-reader-response\"><p role=\"status\" aria-live=\"polite\" aria-atomic=\"true\"><\/p> <ul><\/ul><\/div>\n<form action=\"\/fi\/wp-json\/wp\/v2\/pages\/3665#wpcf7-f1013-o1\" method=\"post\" class=\"wpcf7-form init\" aria-label=\"Kontaktformul\u00e4r\" novalidate=\"novalidate\" data-status=\"init\">\n<div style=\"display: none;\">\n<input type=\"hidden\" name=\"_wpcf7\" value=\"1013\" \/>\n<input type=\"hidden\" name=\"_wpcf7_version\" value=\"5.9.8\" \/>\n<input type=\"hidden\" name=\"_wpcf7_locale\" value=\"sv_SE\" \/>\n<input type=\"hidden\" name=\"_wpcf7_unit_tag\" value=\"wpcf7-f1013-o1\" \/>\n<input type=\"hidden\" name=\"_wpcf7_container_post\" value=\"0\" \/>\n<input type=\"hidden\" name=\"_wpcf7_posted_data_hash\" value=\"\" \/>\n<input type=\"hidden\" name=\"_wpcf7_recaptcha_response\" value=\"\" \/>\n<\/div>\n<h5>Nimi\n<\/h5>\n<p><span class=\"wpcf7-form-control-wrap\" data-name=\"your-name\"><input size=\"40\" maxlength=\"400\" class=\"wpcf7-form-control wpcf7-text wpcf7-validates-as-required\" aria-required=\"true\" aria-invalid=\"false\" value=\"\" type=\"text\" name=\"your-name\" \/><\/span>\n<\/p>\n<h5>S\u00e4hk\u00f6posti\n<\/h5>\n<p><span class=\"wpcf7-form-control-wrap\" data-name=\"your-email\"><input size=\"40\" maxlength=\"400\" class=\"wpcf7-form-control wpcf7-email wpcf7-validates-as-required wpcf7-text wpcf7-validates-as-email\" aria-required=\"true\" aria-invalid=\"false\" value=\"\" type=\"email\" name=\"your-email\" \/><\/span>\n<\/p>\n<h5>Viesti\n<\/h5>\n<p><span class=\"wpcf7-form-control-wrap\" data-name=\"your-message\"><textarea cols=\"40\" rows=\"10\" maxlength=\"2000\" class=\"wpcf7-form-control wpcf7-textarea\" aria-invalid=\"false\" name=\"your-message\"><\/textarea><\/span>\n<\/p>\n<p>T\u00e4m\u00e4n sivun suojaa reCAPTCHA, mik\u00e4 tarkoittaa, ett\u00e4 Googlen <a href=\"https:\/\/policies.google.com\/privacy?hl=fi\">tietosuojak\u00e4yt\u00e4nn\u00f6t<\/a> ja <a href=\"https:\/\/policies.google.com\/terms?hl=fi\">k\u00e4ytt\u00f6ehdot<\/a> ovat voimassa.\n<\/p>\n<p><input class=\"wpcf7-form-control wpcf7-submit has-spinner ktrn-p-send-btn ktrn-g-shadow shadow blue\" type=\"submit\" value=\"L\u00e4het\u00e4\" \/>\n<\/p><div class=\"wpcf7-response-output\" aria-hidden=\"true\"><\/div>\n<\/form>\n<\/div>\n[\/vc_column][vc_column width=&#8221;1\/3&#8243;][\/vc_column][\/vc_row][vc_row margin_top=&#8221;40px&#8221; el_class=&#8221;ktrn-fokus-natur-posts&#8221;][vc_column][vc_column_text]<\/p>\n<h4 class=\"ktrn blue\">Lue uusimmat luontoartikkelit<\/h4>\n<div class=\"ktrn-w-article-view\">\n\t\t\n          <div class=\"ktrn-w-article-item shadow\">\n            \n            \n            <div class=\"ktrn-w-generic-term-image\">\n              <a href=\"https:\/\/katternodigital.fi\/fi\/article\/kun-te-nukutte\/\" class=\"ktrn-w-article-img\">Katseet luontoon<\/a>\n            <\/div>\n            \n            <div class=\"ktrn-w-article-info\">\n              <div class=\"ktrn-w-article-title ktrn-w-info-field\"><h2><a href=\"https:\/\/katternodigital.fi\/fi\/article\/kun-te-nukutte\/\">Kun te nukutte\u2026<\/a><\/h2><\/div>\n              <div class=\"ktrn-w-article-issue ktrn-w-info-field\">Katseet luontoon \u2022 2 | 2024<\/div>\n              \n            <\/div>\n          <\/div>\n\t\t\n          <div class=\"ktrn-w-article-item shadow\">\n            \n            <a href=\"https:\/\/katternodigital.fi\/fi\/article\/suurten-lintujen-voittokulku-jatkuu\/\" class=\"ktrn-w-article-img\" style=\"background-image: url(https:\/\/katternodigital.fi\/wp-content\/uploads\/2024\/09\/trana_webb.jpg);\"><img decoding=\"async\" src=\"https:\/\/katternodigital.fi\/wp-content\/uploads\/2024\/09\/trana_webb.jpg\" alt=\"Suurten lintujen voittokulku jatkuu - Kattern\u00f6 Digital 2 | 2024\" class=\"ktrn-w-article-hidden\" \/><\/a>\n            \n            \n            <div class=\"ktrn-w-article-info\">\n              <div class=\"ktrn-w-article-title ktrn-w-info-field\"><h2><a href=\"https:\/\/katternodigital.fi\/fi\/article\/suurten-lintujen-voittokulku-jatkuu\/\">Suurten lintujen voittokulku jatkuu<\/a><\/h2><\/div>\n              <div class=\"ktrn-w-article-issue ktrn-w-info-field\">Katseet luontoon \u2022 2 | 2024<\/div>\n              \n            <\/div>\n          <\/div>\n\t\t\n          <div class=\"ktrn-w-article-item shadow\">\n            \n            \n            <div class=\"ktrn-w-generic-term-image\">\n              <a href=\"https:\/\/katternodigital.fi\/fi\/article\/mutta-hei-missa-ovat-kaikki-elaimet\/\" class=\"ktrn-w-article-img\">Katseet luontoon<\/a>\n            <\/div>\n            \n            <div class=\"ktrn-w-article-info\">\n              <div class=\"ktrn-w-article-title ktrn-w-info-field\"><h2><a href=\"https:\/\/katternodigital.fi\/fi\/article\/mutta-hei-missa-ovat-kaikki-elaimet\/\">Mutta hei, miss\u00e4 ovat kaikki el\u00e4imet??<\/a><\/h2><\/div>\n              <div class=\"ktrn-w-article-issue ktrn-w-info-field\">Katseet luontoon \u2022 1 | 2024<\/div>\n              \n            <\/div>\n          <\/div>\n\t\t\n          <div class=\"ktrn-w-article-item shadow\">\n            \n            <a href=\"https:\/\/katternodigital.fi\/fi\/article\/suomen-41-kansallispuistoa\/\" class=\"ktrn-w-article-img\" style=\"background-image: url(https:\/\/katternodigital.fi\/wp-content\/uploads\/2024\/02\/bild-3_webb.jpg);\"><img decoding=\"async\" src=\"https:\/\/katternodigital.fi\/wp-content\/uploads\/2024\/02\/bild-3_webb.jpg\" alt=\"Suomen 41 kansallispuistoa - Kattern\u00f6 Digital 1 | 2024\" class=\"ktrn-w-article-hidden\" \/><\/a>\n            \n            \n            <div class=\"ktrn-w-article-info\">\n              <div class=\"ktrn-w-article-title ktrn-w-info-field\"><h2><a href=\"https:\/\/katternodigital.fi\/fi\/article\/suomen-41-kansallispuistoa\/\">Suomen 41 kansallispuistoa<\/a><\/h2><\/div>\n              <div class=\"ktrn-w-article-issue ktrn-w-info-field\">Katseet luontoon \u2022 1 | 2024<\/div>\n              \n            <\/div>\n          <\/div>\n\t\t\n      <\/div>\n\t\n\t\n\t\n\n[\/vc_column_text][\/vc_column][\/vc_row]<\/p>\n<\/div>","protected":false},"excerpt":{"rendered":"<p>[vc_row margin_top=&#8221;-30px&#8221; margin_bottom=&#8221;30px&#8221; css=&#8221;.vc_custom_1497363851010{margin-bottom: 50px !important;}&#8221;][vc_column][vc_column_text][\/vc_column_text][\/vc_column][\/vc_row][vc_row][vc_column][vc_column_text css=&#8221;.vc_custom_1497364540087{margin-bottom: 25px !important;}&#8221;] Katseet luontoon [\/vc_column_text][\/vc_column][\/vc_row][vc_row][vc_column width=&#8221;1\/6&#8243;][vc_single_image image=&#8221;3581&#8243; img_size=&#8221;100&#215;150&#8243;][\/vc_column][vc_column width=&#8221;1\/2&#8243;][vc_column_text] Biologi Mattias Kanckos ty\u00f6skentelee yrityksess\u00e4\u00e4n monipuolisten asioiden parissa. Luonto-opastukset yhdistyv\u00e4t luontokartoituksiin, ymp\u00e4rist\u00f6suunnitteluun, konsultointiin ja kurssitoimintaan. Ehdota h\u00e4nelle aiheita tuleviin artikkeleihin alla olevan yhteydenottolomakkeen kautta. [\/vc_column_text][\/vc_column][\/vc_row][vc_row][vc_column][vc_column_text css=&#8221;.vc_custom_1456079682168{margin-bottom: 25px !important;border-bottom-width: 2px !important;padding-bottom: 15px !important;border-bottom-color: #cecdca !important;border-bottom-style: solid !important;}&#8221;][\/vc_column_text][\/vc_column][\/vc_row][vc_row][vc_column width=&#8221;2\/3&#8243;][\/vc_column][vc_column width=&#8221;1\/3&#8243;][\/vc_column][\/vc_row][vc_row margin_top=&#8221;40px&#8221;&hellip;<\/p>\n","protected":false},"author":2,"featured_media":0,"parent":0,"menu_order":0,"comment_status":"closed","ping_status":"closed","template":"","meta":{"footnotes":""},"class_list":["post-3665","page","type-page","status-publish","hentry","description-off"],"yoast_head":"<!-- This site is optimized with the Yoast SEO plugin v23.7 - https:\/\/yoast.com\/wordpress\/plugins\/seo\/ -->\n<title>Katseet luontoon - Kattern\u00f6 Digital | 2 \u2022 2024<\/title>\n<meta name=\"robots\" content=\"index, follow, max-snippet:-1, max-image-preview:large, max-video-preview:-1\" \/>\n<link rel=\"canonical\" href=\"https:\/\/katternodigital.fi\/fi\/katseet-luontoon\/\" \/>\n<meta property=\"og:locale\" content=\"fi_FI\" \/>\n<meta property=\"og:type\" content=\"article\" \/>\n<meta property=\"og:title\" content=\"Katseet luontoon - Kattern\u00f6 Digital\" \/>\n<meta property=\"og:description\" content=\"[vc_row margin_top=&#8221;-30px&#8221; margin_bottom=&#8221;30px&#8221; css=&#8221;.vc_custom_1497363851010{margin-bottom: 50px !important;}&#8221;][vc_column][vc_column_text][\/vc_column_text][\/vc_column][\/vc_row][vc_row][vc_column][vc_column_text css=&#8221;.vc_custom_1497364540087{margin-bottom: 25px !important;}&#8221;] Katseet luontoon [\/vc_column_text][\/vc_column][\/vc_row][vc_row][vc_column width=&#8221;1\/6&#8243;][vc_single_image image=&#8221;3581&#8243; img_size=&#8221;100&#215;150&#8243;][\/vc_column][vc_column width=&#8221;1\/2&#8243;][vc_column_text] Biologi Mattias Kanckos ty\u00f6skentelee yrityksess\u00e4\u00e4n monipuolisten asioiden parissa. Luonto-opastukset yhdistyv\u00e4t luontokartoituksiin, ymp\u00e4rist\u00f6suunnitteluun, konsultointiin ja kurssitoimintaan. Ehdota h\u00e4nelle aiheita tuleviin artikkeleihin alla olevan yhteydenottolomakkeen kautta. [\/vc_column_text][\/vc_column][\/vc_row][vc_row][vc_column][vc_column_text css=&#8221;.vc_custom_1456079682168{margin-bottom: 25px !important;border-bottom-width: 2px !important;padding-bottom: 15px !important;border-bottom-color: #cecdca !important;border-bottom-style: solid !important;}&#8221;][\/vc_column_text][\/vc_column][\/vc_row][vc_row][vc_column width=&#8221;2\/3&#8243;][\/vc_column][vc_column width=&#8221;1\/3&#8243;][\/vc_column][\/vc_row][vc_row margin_top=&#8221;40px&#8221;&hellip;\" \/>\n<meta property=\"og:url\" content=\"https:\/\/katternodigital.fi\/fi\/katseet-luontoon\/\" \/>\n<meta property=\"og:site_name\" content=\"Kattern\u00f6 Digital\" \/>\n<meta property=\"article:publisher\" content=\"https:\/\/www.facebook.com\/herrfors\" \/>\n<meta property=\"article:modified_time\" content=\"2017-06-13T14:44:15+00:00\" \/>\n<meta property=\"og:image\" content=\"https:\/\/katternodigital.fi\/wp-content\/uploads\/2016\/06\/katterno-logo.png\" \/>\n\t<meta property=\"og:image:width\" content=\"600\" \/>\n\t<meta property=\"og:image:height\" content=\"147\" \/>\n\t<meta property=\"og:image:type\" content=\"image\/png\" \/>\n<meta name=\"twitter:card\" content=\"summary_large_image\" \/>\n<script type=\"application\/ld+json\" class=\"yoast-schema-graph\">{\"@context\":\"https:\/\/schema.org\",\"@graph\":[{\"@type\":\"WebPage\",\"@id\":\"https:\/\/katternodigital.fi\/fi\/katseet-luontoon\/\",\"url\":\"https:\/\/katternodigital.fi\/fi\/katseet-luontoon\/\",\"name\":\"Katseet luontoon - Kattern\u00f6 Digital\",\"isPartOf\":{\"@id\":\"https:\/\/katternodigital.fi\/fi\/#website\"},\"datePublished\":\"2017-06-13T12:16:13+00:00\",\"dateModified\":\"2017-06-13T14:44:15+00:00\",\"breadcrumb\":{\"@id\":\"https:\/\/katternodigital.fi\/fi\/katseet-luontoon\/#breadcrumb\"},\"inLanguage\":\"fi\",\"potentialAction\":[{\"@type\":\"ReadAction\",\"target\":[\"https:\/\/katternodigital.fi\/fi\/katseet-luontoon\/\"]}]},{\"@type\":\"BreadcrumbList\",\"@id\":\"https:\/\/katternodigital.fi\/fi\/katseet-luontoon\/#breadcrumb\",\"itemListElement\":[{\"@type\":\"ListItem\",\"position\":1,\"name\":\"Hem\",\"item\":\"https:\/\/katternodigital.fi\/fi\/\"},{\"@type\":\"ListItem\",\"position\":2,\"name\":\"Katseet luontoon\"}]},{\"@type\":\"WebSite\",\"@id\":\"https:\/\/katternodigital.fi\/fi\/#website\",\"url\":\"https:\/\/katternodigital.fi\/fi\/\",\"name\":\"Kattern\u00f6 Digital\",\"description\":\"Kattern\u00f6-lehti verkossa\",\"publisher\":{\"@id\":\"https:\/\/katternodigital.fi\/fi\/#organization\"},\"potentialAction\":[{\"@type\":\"SearchAction\",\"target\":{\"@type\":\"EntryPoint\",\"urlTemplate\":\"https:\/\/katternodigital.fi\/fi\/?s={search_term_string}\"},\"query-input\":{\"@type\":\"PropertyValueSpecification\",\"valueRequired\":true,\"valueName\":\"search_term_string\"}}],\"inLanguage\":\"fi\"},{\"@type\":\"Organization\",\"@id\":\"https:\/\/katternodigital.fi\/fi\/#organization\",\"name\":\"Kattern\u00f6 Digital\",\"url\":\"https:\/\/katternodigital.fi\/fi\/\",\"logo\":{\"@type\":\"ImageObject\",\"inLanguage\":\"fi\",\"@id\":\"https:\/\/katternodigital.fi\/fi\/#\/schema\/logo\/image\/\",\"url\":\"https:\/\/katternodigital.fi\/wp-content\/uploads\/2016\/06\/katterno-logo.png\",\"contentUrl\":\"https:\/\/katternodigital.fi\/wp-content\/uploads\/2016\/06\/katterno-logo.png\",\"width\":600,\"height\":147,\"caption\":\"Kattern\u00f6 Digital\"},\"image\":{\"@id\":\"https:\/\/katternodigital.fi\/fi\/#\/schema\/logo\/image\/\"},\"sameAs\":[\"https:\/\/www.facebook.com\/herrfors\"]}]}<\/script>\n<!-- \/ Yoast SEO plugin. -->","yoast_head_json":{"title":"Katseet luontoon - Kattern\u00f6 Digital | 2 \u2022 2024","robots":{"index":"index","follow":"follow","max-snippet":"max-snippet:-1","max-image-preview":"max-image-preview:large","max-video-preview":"max-video-preview:-1"},"canonical":"https:\/\/katternodigital.fi\/fi\/katseet-luontoon\/","og_locale":"fi_FI","og_type":"article","og_title":"Katseet luontoon - Kattern\u00f6 Digital","og_description":"[vc_row margin_top=&#8221;-30px&#8221; margin_bottom=&#8221;30px&#8221; css=&#8221;.vc_custom_1497363851010{margin-bottom: 50px !important;}&#8221;][vc_column][vc_column_text][\/vc_column_text][\/vc_column][\/vc_row][vc_row][vc_column][vc_column_text css=&#8221;.vc_custom_1497364540087{margin-bottom: 25px !important;}&#8221;] Katseet luontoon [\/vc_column_text][\/vc_column][\/vc_row][vc_row][vc_column width=&#8221;1\/6&#8243;][vc_single_image image=&#8221;3581&#8243; img_size=&#8221;100&#215;150&#8243;][\/vc_column][vc_column width=&#8221;1\/2&#8243;][vc_column_text] Biologi Mattias Kanckos ty\u00f6skentelee yrityksess\u00e4\u00e4n monipuolisten asioiden parissa. Luonto-opastukset yhdistyv\u00e4t luontokartoituksiin, ymp\u00e4rist\u00f6suunnitteluun, konsultointiin ja kurssitoimintaan. Ehdota h\u00e4nelle aiheita tuleviin artikkeleihin alla olevan yhteydenottolomakkeen kautta. [\/vc_column_text][\/vc_column][\/vc_row][vc_row][vc_column][vc_column_text css=&#8221;.vc_custom_1456079682168{margin-bottom: 25px !important;border-bottom-width: 2px !important;padding-bottom: 15px !important;border-bottom-color: #cecdca !important;border-bottom-style: solid !important;}&#8221;][\/vc_column_text][\/vc_column][\/vc_row][vc_row][vc_column width=&#8221;2\/3&#8243;][\/vc_column][vc_column width=&#8221;1\/3&#8243;][\/vc_column][\/vc_row][vc_row margin_top=&#8221;40px&#8221;&hellip;","og_url":"https:\/\/katternodigital.fi\/fi\/katseet-luontoon\/","og_site_name":"Kattern\u00f6 Digital","article_publisher":"https:\/\/www.facebook.com\/herrfors","article_modified_time":"2017-06-13T14:44:15+00:00","og_image":[{"width":600,"height":147,"url":"https:\/\/katternodigital.fi\/wp-content\/uploads\/2016\/06\/katterno-logo.png","type":"image\/png"}],"twitter_card":"summary_large_image","schema":{"@context":"https:\/\/schema.org","@graph":[{"@type":"WebPage","@id":"https:\/\/katternodigital.fi\/fi\/katseet-luontoon\/","url":"https:\/\/katternodigital.fi\/fi\/katseet-luontoon\/","name":"Katseet luontoon - Kattern\u00f6 Digital","isPartOf":{"@id":"https:\/\/katternodigital.fi\/fi\/#website"},"datePublished":"2017-06-13T12:16:13+00:00","dateModified":"2017-06-13T14:44:15+00:00","breadcrumb":{"@id":"https:\/\/katternodigital.fi\/fi\/katseet-luontoon\/#breadcrumb"},"inLanguage":"fi","potentialAction":[{"@type":"ReadAction","target":["https:\/\/katternodigital.fi\/fi\/katseet-luontoon\/"]}]},{"@type":"BreadcrumbList","@id":"https:\/\/katternodigital.fi\/fi\/katseet-luontoon\/#breadcrumb","itemListElement":[{"@type":"ListItem","position":1,"name":"Hem","item":"https:\/\/katternodigital.fi\/fi\/"},{"@type":"ListItem","position":2,"name":"Katseet luontoon"}]},{"@type":"WebSite","@id":"https:\/\/katternodigital.fi\/fi\/#website","url":"https:\/\/katternodigital.fi\/fi\/","name":"Kattern\u00f6 Digital","description":"Kattern\u00f6-lehti verkossa","publisher":{"@id":"https:\/\/katternodigital.fi\/fi\/#organization"},"potentialAction":[{"@type":"SearchAction","target":{"@type":"EntryPoint","urlTemplate":"https:\/\/katternodigital.fi\/fi\/?s={search_term_string}"},"query-input":{"@type":"PropertyValueSpecification","valueRequired":true,"valueName":"search_term_string"}}],"inLanguage":"fi"},{"@type":"Organization","@id":"https:\/\/katternodigital.fi\/fi\/#organization","name":"Kattern\u00f6 Digital","url":"https:\/\/katternodigital.fi\/fi\/","logo":{"@type":"ImageObject","inLanguage":"fi","@id":"https:\/\/katternodigital.fi\/fi\/#\/schema\/logo\/image\/","url":"https:\/\/katternodigital.fi\/wp-content\/uploads\/2016\/06\/katterno-logo.png","contentUrl":"https:\/\/katternodigital.fi\/wp-content\/uploads\/2016\/06\/katterno-logo.png","width":600,"height":147,"caption":"Kattern\u00f6 Digital"},"image":{"@id":"https:\/\/katternodigital.fi\/fi\/#\/schema\/logo\/image\/"},"sameAs":["https:\/\/www.facebook.com\/herrfors"]}]}},"_links":{"self":[{"href":"https:\/\/katternodigital.fi\/fi\/wp-json\/wp\/v2\/pages\/3665"}],"collection":[{"href":"https:\/\/katternodigital.fi\/fi\/wp-json\/wp\/v2\/pages"}],"about":[{"href":"https:\/\/katternodigital.fi\/fi\/wp-json\/wp\/v2\/types\/page"}],"author":[{"embeddable":true,"href":"https:\/\/katternodigital.fi\/fi\/wp-json\/wp\/v2\/users\/2"}],"replies":[{"embeddable":true,"href":"https:\/\/katternodigital.fi\/fi\/wp-json\/wp\/v2\/comments?post=3665"}],"version-history":[{"count":0,"href":"https:\/\/katternodigital.fi\/fi\/wp-json\/wp\/v2\/pages\/3665\/revisions"}],"wp:attachment":[{"href":"https:\/\/katternodigital.fi\/fi\/wp-json\/wp\/v2\/media?parent=3665"}],"curies":[{"name":"wp","href":"https:\/\/api.w.org\/{rel}","templated":true}]}}