{"id":592,"date":"2016-02-16T15:16:07","date_gmt":"2016-02-16T13:16:07","guid":{"rendered":"https:\/\/katternodigital.fi\/fi\/om-oss\/"},"modified":"2023-09-21T16:49:51","modified_gmt":"2023-09-21T13:49:51","slug":"tietoja-meista","status":"publish","type":"page","link":"https:\/\/katternodigital.fi\/fi\/tietoja-meista\/","title":{"rendered":"Tietoja meist\u00e4"},"content":{"rendered":"<div class=\"wpb-content-wrapper\"><p>[vc_row ult_hide_row=&#8221;ult_hide_row_value&#8221; ult_hide_row_large_screen=&#8221;large_screen&#8221; ult_hide_row_desktop=&#8221;desktop&#8221; ult_hide_row_tablet=&#8221;tablet&#8221; ult_hide_row_tablet_small=&#8221;xs_tablet&#8221; ult_hide_row_mobile=&#8221;mobile&#8221; ult_hide_row_mobile_large=&#8221;xl_mobile&#8221;][vc_column css=&#8221;.vc_custom_1455634244901{margin-bottom: 20px !important;}&#8221;][vc_column_text el_class=&#8221;ktrn-p-col&#8221; css=&#8221;.vc_custom_1466152428744{margin-bottom: 15px !important;}&#8221;]<\/p>\n<h2>Mik\u00e4 on Kattern\u00f6-lehti?<\/h2>\n<p>Kattern\u00f6-lehti on maakuntaan keskittyv\u00e4 aikakauslehti. Lehden tarkoituksena on osoittaa, ett\u00e4 Kattern\u00f6-konsernin yritykset ovat juurtuneet alueelle ja sitoutuneet vahvasti maakunnan kehitt\u00e4miseen.<\/p>\n<p>Lehte\u00e4 tehd\u00e4\u00e4n perinteisess\u00e4 valistuksen hengess\u00e4: uskomme, ett\u00e4 tieto on hyv\u00e4ksi ja auttaa el\u00e4m\u00e4\u00e4n parempaa el\u00e4m\u00e4\u00e4 paremmassa maailmassa.<\/p>\n<p>Tarkoituksena on my\u00f6s kertoa asiakkaille ja p\u00e4\u00e4tt\u00e4jille energiakysymysten logiikasta ja monitahoisuudesta. Toivomme, ett\u00e4 tietopohjan karttuessa asiakkaat ja Kattern\u00f6-konsernin yritykset kohtaavat uudella tasolla.<\/p>\n<p>Lehte\u00e4 tehd\u00e4\u00e4n huolellisesti ja laadukkaasti, Kattern\u00f6-konsernin arvojen mukaisesti.<\/p>\n<p>Lehden ensimm\u00e4inen numero ilmestyi vuonna 2005.[\/vc_column_text][\/vc_column][\/vc_row][vc_row][vc_column][vc_row_inner][vc_column_inner width=&#8221;2\/3&#8243;][vc_column_text el_class=&#8221;ktrn-p-col&#8221; css=&#8221;.vc_custom_1608643430175{margin-bottom: 15px !important;border-bottom-width: 2px !important;padding-bottom: 15px !important;border-bottom-color: #cecdca !important;border-bottom-style: solid !important;}&#8221;]<\/p>\n<h2><\/h2>\n<p>Kauppiaankatu 10<br \/>\n68600 Pietarsaari<\/p>\n<p><a>www.katterno.fi<\/a><\/p>\n<p>[\/vc_column_text][\/vc_column_inner][vc_column_inner width=&#8221;1\/3&#8243;][\/vc_column_inner][\/vc_row_inner][vc_row_inner css=&#8221;.vc_custom_1455636696366{margin-bottom: 15px !important;}&#8221;][vc_column_inner width=&#8221;1\/3&#8243;][vc_column_text el_class=&#8221;ktrn-p-col&#8221;]<\/p>\n<h4>Vastaava julkaisija<\/h4>\n<p>Roger Holm<br \/>\nPuh <a>(06) 781 5300<\/a><br \/>\nFax (06) 781 5322<br \/>\n<a href=\"mailto:roger.holm@katterno.fi\">roger.holm@katterno.fi<\/a>[\/vc_column_text][\/vc_column_inner][vc_column_inner width=&#8221;1\/3&#8243;][vc_column_text el_class=&#8221;ktrn-p-col&#8221;]<\/p>\n<h4>Projektip\u00e4\u00e4llikk\u00f6<\/h4>\n<p>Svenolof Karlsson<br \/>\n<a href=\"http:\/\/www.storkamp.com\">www.storkamp.com<\/a>[\/vc_column_text][\/vc_column_inner][vc_column_inner width=&#8221;1\/3&#8243;][\/vc_column_inner][\/vc_row_inner][vc_row_inner][vc_column_inner width=&#8221;1\/3&#8243;][vc_column_text el_class=&#8221;ktrn-p-col&#8221;]<\/p>\n<h4>Osoitteenmuutokset<\/h4>\n<p>Amanda \u00d6st<br \/>Tel <a>044 781 5351<\/a><br \/><a href=\"mailto:amanda.ost@katterno.fi\">amanda.ost@katterno.fi<\/a><\/p>\n<p>[\/vc_column_text][\/vc_column_inner][vc_column_inner width=&#8221;1\/3&#8243;][vc_column_text el_class=&#8221;ktrn-p-col&#8221;]<\/p>\n<h4>Toimittajat<\/h4>\n<p>Svenolof Karlsson<br \/>\nJohan Svenlin<br \/>\nSusanne Str\u00f6mberg[\/vc_column_text][\/vc_column_inner][vc_column_inner width=&#8221;1\/3&#8243;][\/vc_column_inner][\/vc_row_inner][\/vc_column][\/vc_row][vc_row][vc_column el_class=&#8221;ktrn-p-col&#8221; css=&#8221;.vc_custom_1455642465378{margin-top: 40px !important;}&#8221;][vc_column_text]<\/p>\n<h2>Kattern\u00f6 Group<\/h2>\n<p>[\/vc_column_text][vc_column_text css=&#8221;.vc_custom_1602145853172{margin-top: 15px !important;border-top-width: 2px !important;padding-top: 10px !important;padding-bottom: 10px !important;border-top-color: #cccccc !important;border-top-style: solid !important;}&#8221;]<\/p>\n<div class=\"ktrn-staff-item\">\n<div class=\"ktrn-staff-portait\">\n<p><a class=\"dt-single-image\" href=\"https:\/\/katternodigital.fi\/wp-content\/uploads\/2020\/10\/ingvarkulla.jpg\" rel=\"attachment wp-att-405\" data-dt-img-description=\"\"><img decoding=\"async\" class=\"wp-image-405 alignnone\" src=\"https:\/\/katternodigital.fi\/wp-content\/uploads\/2020\/10\/ingvarkulla.jpg\" alt=\"Ingvar Kulla\" width=\"175\" height=\"210\" \/><\/a><\/p>\n<div>TJ Ingvar Kulla<\/div>\n<\/div>\n<div class=\"ktrn-staff-data\">\n<h3>Esse Elektro-Kraft<\/h3>\n<p>Toimittaa s\u00e4hk\u00f6\u00e4 osaan Peders\u00f6re\u00e4, Kauhavaa, Uuttakaarlepyyt\u00e4 (Markby) sek\u00e4 Kruunupyyt\u00e4 (Jeussen).<br \/>\n<strong>Asiakkaita<\/strong>: 3700<br \/>\n<strong>Vuositoimitus<\/strong>: 50 GWh<br \/>\n<strong>Vahide<\/strong>: <a>020 766 1900<\/a><br \/>\n<strong>Vikailmoitukset toimistoajan ulkopuolella<\/strong>: <a>766 2023<\/a><br \/>\n<strong>Asiakaspalvelu<\/strong>: <a>020 766 1912<\/a>, <a>020 766 1911<\/a><br \/>\n<strong>Laskutus<\/strong>: <a>020 766 1912<\/a>, Johanna Stubb<br \/>\n<a href=\"http:\/\/www.eekab.fi\">www.eekab.fi<\/a><\/div>\n<\/div>\n<p>[\/vc_column_text][vc_column_text css=&#8221;.vc_custom_1602146106473{margin-top: 10px !important;border-top-width: 2px !important;padding-top: 15px !important;padding-bottom: 10px !important;border-top-color: #cccccc !important;border-top-style: solid !important;}&#8221;]<\/p>\n<div class=\"ktrn-staff-item\">\n<div class=\"ktrn-staff-portait\">\n<p><a class=\"dt-single-image\" href=\"https:\/\/katternodigital.fi\/wp-content\/uploads\/2020\/10\/rogerholm.jpg\" rel=\"attachment wp-att-407\" data-dt-img-description=\"\"><img decoding=\"async\" class=\"alignnone wp-image-2124 \" src=\"https:\/\/katternodigital.fi\/wp-content\/uploads\/2020\/10\/rogerholm.jpg\" width=\"196\" height=\"242\" \/><\/a><\/p>\n<div>TJ Roger Holm<\/div>\n<\/div>\n<div class=\"ktrn-staff-data\">\n<h3>Herrfors<\/h3>\n<p>Toimittaa s\u00e4hk\u00f6\u00e4 Alavieskaan, Pietarsaareen, Luotoon, Maksamaalle, Oravaisiin, sek\u00e4 osaan Peders\u00f6re\u00e4, Teerij\u00e4rve\u00e4, ja Ylivieskaa.<br \/>\n<strong>Asiakkaita<\/strong>: 32 000<br \/>\n<strong>Vuositoimitus<\/strong>: 610 GWh s\u00e4hk\u00f6\u00e4, 284 GWh l\u00e4mp\u00f6\u00e4<br \/>\n<strong>Vaihde<\/strong>: Pietarsaari <a>(06) 781 5300<\/a>, Ylivieska <a>(08) 411 0400<\/a><br \/>\n<strong>Vikailmoitukset toimistoajan ulkopuolella<\/strong>: Pietarsaari ja Luoto<a>(06) 723 0079<\/a>, Oravainen, Peders\u00f6re ja Teerij\u00e4rvi <a>(06) 0723 4521<\/a>, Ylivieska s\u00e4hk\u00f6 <a>(08) 426 350<\/a>, Ylivieska kaukol\u00e4mp\u00f6 <a>044 781 5375<\/a><br \/>\n<strong>Laskutus<\/strong>: Pietarsaari <a>(06) 781 5312<\/a>, Ylivieska <a>(08) 411 0401<\/a><br \/>\n<a>www.herrfors.fi<\/a><\/div>\n<\/div>\n<p>[\/vc_column_text][vc_column_text css=&#8221;.vc_custom_1645684439765{margin-top: 10px !important;border-top-width: 2px !important;padding-top: 15px !important;padding-bottom: 10px !important;border-top-color: #cccccc !important;border-top-style: solid !important;}&#8221;]<\/p>\n<div class=\"ktrn-staff-item\">\n<div class=\"ktrn-staff-portait\">\n<p><a class=\"dt-pswp-item\" data-dt-img-description=\"\" data-large_image_width=\"400\" data-large_image_height=\"400\" href=\"https:\/\/katternodigital.fi\/wp-content\/uploads\/2022\/02\/fredrik-nase-min.png\"><img decoding=\"async\" src=\"https:\/\/katternodigital.fi\/wp-content\/uploads\/2022\/02\/fredrik-nase-min-300x300.png\" alt=\"Fredrik N\u00e4se\" width=\"200\" height=\"200\" class=\"alignnone size-medium wp-image-12445\" srcset=\"https:\/\/katternodigital.fi\/wp-content\/uploads\/2022\/02\/fredrik-nase-min-300x300.png 300w, https:\/\/katternodigital.fi\/wp-content\/uploads\/2022\/02\/fredrik-nase-min-150x150.png 150w, https:\/\/katternodigital.fi\/wp-content\/uploads\/2022\/02\/fredrik-nase-min.png 400w\" sizes=\"(max-width: 200px) 100vw, 200px\" \/><\/a><\/p>\n<div>TJ Fredrik N\u00e4se<\/div>\n<\/div>\n<div class=\"ktrn-staff-data\">\n<h3>Kruunupyyn S\u00e4hk\u00f6laitos<\/h3>\n<p>Toimittaa s\u00e4hk\u00f6\u00e4 osaan Kruunupyyt\u00e4, Peders\u00f6re\u00e4 ja Kokkolaa<br \/>\n<strong>Asiakkaita<\/strong>: 3 220<br \/>\n<strong>Vuositoimitus<\/strong>: 45 GWh<br \/>\n<strong>Vaihde<\/strong>: <a>824 2200<\/a><br \/>\n<strong>Vikailmoitukset<\/strong>: <a>824 2200<\/a>, <a>0400 126 005<\/a><br \/>\n<strong>Laskutus<\/strong>: <a>824 2200<\/a><br \/>\n<a href=\"http:\/\/www.kronobyelverk.fi\">www.kronobyelverk.fi<\/a><\/div>\n<\/div>\n<p>[\/vc_column_text][vc_column_text css=&#8221;.vc_custom_1677062896015{margin-top: 10px !important;border-top-width: 2px !important;padding-top: 15px !important;padding-bottom: 10px !important;border-top-color: #cccccc !important;border-top-style: solid !important;}&#8221;]<\/p>\n<div class=\"ktrn-staff-item\">\n<div class=\"ktrn-staff-portait\">\n<p><a class=\"dt-single-image\" href=\"https:\/\/katternodigital.fi\/wp-content\/uploads\/2016\/02\/OK_TonyEklund.png\" rel=\"attachment wp-att-410\" data-dt-img-description=\"\"><img decoding=\"async\" class=\"alignnone wp-image-410\" src=\"https:\/\/katternodigital.fi\/wp-content\/uploads\/2016\/02\/OK_TonyEklund.png\" alt=\"OK_TonyEklund\" width=\"175\" height=\"210\" srcset=\"https:\/\/katternodigital.fi\/wp-content\/uploads\/2016\/02\/OK_TonyEklund.png 307w, https:\/\/katternodigital.fi\/wp-content\/uploads\/2016\/02\/OK_TonyEklund-250x300.png 250w\" sizes=\"(max-width: 175px) 100vw, 175px\" \/><\/a><\/p>\n<div>TJ Tony Eklund<\/div>\n<\/div>\n<div class=\"ktrn-staff-data\">\n<h3>Uudenkaarlepyyn Voimalaitos<\/h3>\n<p>Toimittaa s\u00e4hk\u00f6\u00e4 Uudenkaarlepyyn kaupungin alueelle<br \/>\n<strong>Asiakkaita<\/strong>: 5 100<br \/>\n<strong>Vuositoimitus<\/strong>: 110 GWh<br \/>\n<strong>Vaihde<\/strong>: <a>785 6252<\/a><br \/>\n<strong>Vikailmoitukset<\/strong>: <a>722 0050<\/a><br \/>\n<strong>Vikailmoitukset toimistoajan ulkopuolella<\/strong>: <a>781 0632<\/a><br \/>\n<strong>Laskutus<\/strong>: <a>785 6252<\/a>, <a>785 6251<\/a><br \/>\n<a href=\"http:\/\/www.nkab.fi\">www.nkab.fi<\/a><\/div>\n<\/div>\n<p>[\/vc_column_text][vc_column_text css=&#8221;.vc_custom_1633617718531{margin-top: 10px !important;border-top-width: 2px !important;border-bottom-width: 2px !important;padding-top: 15px !important;padding-bottom: 10px !important;border-top-color: #cccccc !important;border-top-style: solid !important;border-bottom-color: #cccccc !important;border-bottom-style: solid !important;}&#8221;]<\/p>\n<div class=\"ktrn-staff-item\">\n<div class=\"ktrn-staff-portait\">\n<p><a class=\"dt-pswp-item\" data-dt-img-description=\"\" data-large_image_width=\"400\" data-large_image_height=\"400\" href=\"https:\/\/katternodigital.fi\/wp-content\/uploads\/2021\/10\/duvi_210826_0244_web.jpg\"><img decoding=\"async\" src=\"https:\/\/katternodigital.fi\/wp-content\/uploads\/2021\/10\/duvi_210826_0244_web.jpg\" alt=\"\" width=\"210\" height=\"210\" class=\"alignnone size-full wp-image-12314\" srcset=\"https:\/\/katternodigital.fi\/wp-content\/uploads\/2021\/10\/duvi_210826_0244_web.jpg 400w, https:\/\/katternodigital.fi\/wp-content\/uploads\/2021\/10\/duvi_210826_0244_web-300x300.jpg 300w, https:\/\/katternodigital.fi\/wp-content\/uploads\/2021\/10\/duvi_210826_0244_web-150x150.jpg 150w\" sizes=\"(max-width: 210px) 100vw, 210px\" \/><\/a><\/p>\n<div>TJ Marko Niemonen<\/div>\n<\/div>\n<div class=\"ktrn-staff-data\">\n<h3>Vetelin S\u00e4hk\u00f6laitos<\/h3>\n<p>Toimittaa s\u00e4hk\u00f6\u00e4 Veteliin, lukuunottamatta Polson, Kivikankaan ja Nyk\u00e4sen kyli\u00e4<br \/>\n<strong>Asiakkaita<\/strong>: noin 2 300<br \/>\n<strong>Vuositoimitus<\/strong>: 28 GWh<br \/>\n<strong>Vaihde<\/strong>: <a>(06) 866 3600<\/a><br \/>\n<strong>Vikailmoitukset<\/strong>: <a>0400 262 261<\/a><br \/>\n<strong>Laskutus<\/strong>: <a>040 661 7850<\/a><br \/>\n<a href=\"http:\/\/www.venergia.fi\">www.venergia.fi<\/a><\/div>\n<\/div>\n<p>[\/vc_column_text][\/vc_column][\/vc_row]<\/p>\n<\/div>","protected":false},"excerpt":{"rendered":"<p>[vc_row ult_hide_row=&#8221;ult_hide_row_value&#8221; ult_hide_row_large_screen=&#8221;large_screen&#8221; ult_hide_row_desktop=&#8221;desktop&#8221; ult_hide_row_tablet=&#8221;tablet&#8221; ult_hide_row_tablet_small=&#8221;xs_tablet&#8221; ult_hide_row_mobile=&#8221;mobile&#8221; ult_hide_row_mobile_large=&#8221;xl_mobile&#8221;][vc_column css=&#8221;.vc_custom_1455634244901{margin-bottom: 20px !important;}&#8221;][vc_column_text el_class=&#8221;ktrn-p-col&#8221; css=&#8221;.vc_custom_1466152428744{margin-bottom: 15px !important;}&#8221;] Mik\u00e4 on Kattern\u00f6-lehti? Kattern\u00f6-lehti on maakuntaan keskittyv\u00e4 aikakauslehti. Lehden tarkoituksena on osoittaa, ett\u00e4 Kattern\u00f6-konsernin yritykset ovat juurtuneet alueelle ja sitoutuneet vahvasti maakunnan kehitt\u00e4miseen. Lehte\u00e4 tehd\u00e4\u00e4n perinteisess\u00e4 valistuksen hengess\u00e4: uskomme, ett\u00e4 tieto on hyv\u00e4ksi ja auttaa el\u00e4m\u00e4\u00e4n parempaa el\u00e4m\u00e4\u00e4 paremmassa maailmassa.&hellip;<\/p>\n","protected":false},"author":2,"featured_media":0,"parent":0,"menu_order":0,"comment_status":"closed","ping_status":"closed","template":"","meta":{"footnotes":""},"class_list":["post-592","page","type-page","status-publish","hentry","description-off"],"yoast_head":"<!-- This site is optimized with the Yoast SEO plugin v23.7 - https:\/\/yoast.com\/wordpress\/plugins\/seo\/ -->\n<title>Tietoja meist\u00e4 - Kattern\u00f6 Digital | 2 \u2022 2024<\/title>\n<meta name=\"robots\" content=\"index, follow, max-snippet:-1, max-image-preview:large, max-video-preview:-1\" \/>\n<link rel=\"canonical\" href=\"https:\/\/katternodigital.fi\/fi\/tietoja-meista\/\" \/>\n<meta property=\"og:locale\" content=\"fi_FI\" \/>\n<meta property=\"og:type\" content=\"article\" \/>\n<meta property=\"og:title\" content=\"Tietoja meist\u00e4 - Kattern\u00f6 Digital\" \/>\n<meta property=\"og:description\" content=\"[vc_row ult_hide_row=&#8221;ult_hide_row_value&#8221; ult_hide_row_large_screen=&#8221;large_screen&#8221; ult_hide_row_desktop=&#8221;desktop&#8221; ult_hide_row_tablet=&#8221;tablet&#8221; ult_hide_row_tablet_small=&#8221;xs_tablet&#8221; ult_hide_row_mobile=&#8221;mobile&#8221; ult_hide_row_mobile_large=&#8221;xl_mobile&#8221;][vc_column css=&#8221;.vc_custom_1455634244901{margin-bottom: 20px !important;}&#8221;][vc_column_text el_class=&#8221;ktrn-p-col&#8221; css=&#8221;.vc_custom_1466152428744{margin-bottom: 15px !important;}&#8221;] Mik\u00e4 on Kattern\u00f6-lehti? Kattern\u00f6-lehti on maakuntaan keskittyv\u00e4 aikakauslehti. Lehden tarkoituksena on osoittaa, ett\u00e4 Kattern\u00f6-konsernin yritykset ovat juurtuneet alueelle ja sitoutuneet vahvasti maakunnan kehitt\u00e4miseen. Lehte\u00e4 tehd\u00e4\u00e4n perinteisess\u00e4 valistuksen hengess\u00e4: uskomme, ett\u00e4 tieto on hyv\u00e4ksi ja auttaa el\u00e4m\u00e4\u00e4n parempaa el\u00e4m\u00e4\u00e4 paremmassa maailmassa.&hellip;\" \/>\n<meta property=\"og:url\" content=\"https:\/\/katternodigital.fi\/fi\/tietoja-meista\/\" \/>\n<meta property=\"og:site_name\" content=\"Kattern\u00f6 Digital\" \/>\n<meta property=\"article:publisher\" content=\"https:\/\/www.facebook.com\/herrfors\" \/>\n<meta property=\"article:modified_time\" content=\"2023-09-21T13:49:51+00:00\" \/>\n<meta property=\"og:image\" content=\"https:\/\/katternodigital.fi\/wp-content\/uploads\/2020\/10\/ingvarkulla.jpg\" \/>\n<meta name=\"twitter:card\" content=\"summary_large_image\" \/>\n<script type=\"application\/ld+json\" class=\"yoast-schema-graph\">{\"@context\":\"https:\/\/schema.org\",\"@graph\":[{\"@type\":\"WebPage\",\"@id\":\"https:\/\/katternodigital.fi\/fi\/tietoja-meista\/\",\"url\":\"https:\/\/katternodigital.fi\/fi\/tietoja-meista\/\",\"name\":\"Tietoja meist\u00e4 - Kattern\u00f6 Digital\",\"isPartOf\":{\"@id\":\"https:\/\/katternodigital.fi\/fi\/#website\"},\"primaryImageOfPage\":{\"@id\":\"https:\/\/katternodigital.fi\/fi\/tietoja-meista\/#primaryimage\"},\"image\":{\"@id\":\"https:\/\/katternodigital.fi\/fi\/tietoja-meista\/#primaryimage\"},\"thumbnailUrl\":\"https:\/\/katternodigital.fi\/wp-content\/uploads\/2020\/10\/ingvarkulla.jpg\",\"datePublished\":\"2016-02-16T13:16:07+00:00\",\"dateModified\":\"2023-09-21T13:49:51+00:00\",\"breadcrumb\":{\"@id\":\"https:\/\/katternodigital.fi\/fi\/tietoja-meista\/#breadcrumb\"},\"inLanguage\":\"fi\",\"potentialAction\":[{\"@type\":\"ReadAction\",\"target\":[\"https:\/\/katternodigital.fi\/fi\/tietoja-meista\/\"]}]},{\"@type\":\"ImageObject\",\"inLanguage\":\"fi\",\"@id\":\"https:\/\/katternodigital.fi\/fi\/tietoja-meista\/#primaryimage\",\"url\":\"https:\/\/katternodigital.fi\/wp-content\/uploads\/2020\/10\/ingvarkulla.jpg\",\"contentUrl\":\"https:\/\/katternodigital.fi\/wp-content\/uploads\/2020\/10\/ingvarkulla.jpg\"},{\"@type\":\"BreadcrumbList\",\"@id\":\"https:\/\/katternodigital.fi\/fi\/tietoja-meista\/#breadcrumb\",\"itemListElement\":[{\"@type\":\"ListItem\",\"position\":1,\"name\":\"Hem\",\"item\":\"https:\/\/katternodigital.fi\/fi\/\"},{\"@type\":\"ListItem\",\"position\":2,\"name\":\"Tietoja meist\u00e4\"}]},{\"@type\":\"WebSite\",\"@id\":\"https:\/\/katternodigital.fi\/fi\/#website\",\"url\":\"https:\/\/katternodigital.fi\/fi\/\",\"name\":\"Kattern\u00f6 Digital\",\"description\":\"Kattern\u00f6-lehti verkossa\",\"publisher\":{\"@id\":\"https:\/\/katternodigital.fi\/fi\/#organization\"},\"potentialAction\":[{\"@type\":\"SearchAction\",\"target\":{\"@type\":\"EntryPoint\",\"urlTemplate\":\"https:\/\/katternodigital.fi\/fi\/?s={search_term_string}\"},\"query-input\":{\"@type\":\"PropertyValueSpecification\",\"valueRequired\":true,\"valueName\":\"search_term_string\"}}],\"inLanguage\":\"fi\"},{\"@type\":\"Organization\",\"@id\":\"https:\/\/katternodigital.fi\/fi\/#organization\",\"name\":\"Kattern\u00f6 Digital\",\"url\":\"https:\/\/katternodigital.fi\/fi\/\",\"logo\":{\"@type\":\"ImageObject\",\"inLanguage\":\"fi\",\"@id\":\"https:\/\/katternodigital.fi\/fi\/#\/schema\/logo\/image\/\",\"url\":\"https:\/\/katternodigital.fi\/wp-content\/uploads\/2016\/06\/katterno-logo.png\",\"contentUrl\":\"https:\/\/katternodigital.fi\/wp-content\/uploads\/2016\/06\/katterno-logo.png\",\"width\":600,\"height\":147,\"caption\":\"Kattern\u00f6 Digital\"},\"image\":{\"@id\":\"https:\/\/katternodigital.fi\/fi\/#\/schema\/logo\/image\/\"},\"sameAs\":[\"https:\/\/www.facebook.com\/herrfors\"]}]}<\/script>\n<!-- \/ Yoast SEO plugin. -->","yoast_head_json":{"title":"Tietoja meist\u00e4 - Kattern\u00f6 Digital | 2 \u2022 2024","robots":{"index":"index","follow":"follow","max-snippet":"max-snippet:-1","max-image-preview":"max-image-preview:large","max-video-preview":"max-video-preview:-1"},"canonical":"https:\/\/katternodigital.fi\/fi\/tietoja-meista\/","og_locale":"fi_FI","og_type":"article","og_title":"Tietoja meist\u00e4 - Kattern\u00f6 Digital","og_description":"[vc_row ult_hide_row=&#8221;ult_hide_row_value&#8221; ult_hide_row_large_screen=&#8221;large_screen&#8221; ult_hide_row_desktop=&#8221;desktop&#8221; ult_hide_row_tablet=&#8221;tablet&#8221; ult_hide_row_tablet_small=&#8221;xs_tablet&#8221; ult_hide_row_mobile=&#8221;mobile&#8221; ult_hide_row_mobile_large=&#8221;xl_mobile&#8221;][vc_column css=&#8221;.vc_custom_1455634244901{margin-bottom: 20px !important;}&#8221;][vc_column_text el_class=&#8221;ktrn-p-col&#8221; css=&#8221;.vc_custom_1466152428744{margin-bottom: 15px !important;}&#8221;] Mik\u00e4 on Kattern\u00f6-lehti? Kattern\u00f6-lehti on maakuntaan keskittyv\u00e4 aikakauslehti. Lehden tarkoituksena on osoittaa, ett\u00e4 Kattern\u00f6-konsernin yritykset ovat juurtuneet alueelle ja sitoutuneet vahvasti maakunnan kehitt\u00e4miseen. Lehte\u00e4 tehd\u00e4\u00e4n perinteisess\u00e4 valistuksen hengess\u00e4: uskomme, ett\u00e4 tieto on hyv\u00e4ksi ja auttaa el\u00e4m\u00e4\u00e4n parempaa el\u00e4m\u00e4\u00e4 paremmassa maailmassa.&hellip;","og_url":"https:\/\/katternodigital.fi\/fi\/tietoja-meista\/","og_site_name":"Kattern\u00f6 Digital","article_publisher":"https:\/\/www.facebook.com\/herrfors","article_modified_time":"2023-09-21T13:49:51+00:00","og_image":[{"url":"https:\/\/katternodigital.fi\/wp-content\/uploads\/2020\/10\/ingvarkulla.jpg"}],"twitter_card":"summary_large_image","schema":{"@context":"https:\/\/schema.org","@graph":[{"@type":"WebPage","@id":"https:\/\/katternodigital.fi\/fi\/tietoja-meista\/","url":"https:\/\/katternodigital.fi\/fi\/tietoja-meista\/","name":"Tietoja meist\u00e4 - Kattern\u00f6 Digital","isPartOf":{"@id":"https:\/\/katternodigital.fi\/fi\/#website"},"primaryImageOfPage":{"@id":"https:\/\/katternodigital.fi\/fi\/tietoja-meista\/#primaryimage"},"image":{"@id":"https:\/\/katternodigital.fi\/fi\/tietoja-meista\/#primaryimage"},"thumbnailUrl":"https:\/\/katternodigital.fi\/wp-content\/uploads\/2020\/10\/ingvarkulla.jpg","datePublished":"2016-02-16T13:16:07+00:00","dateModified":"2023-09-21T13:49:51+00:00","breadcrumb":{"@id":"https:\/\/katternodigital.fi\/fi\/tietoja-meista\/#breadcrumb"},"inLanguage":"fi","potentialAction":[{"@type":"ReadAction","target":["https:\/\/katternodigital.fi\/fi\/tietoja-meista\/"]}]},{"@type":"ImageObject","inLanguage":"fi","@id":"https:\/\/katternodigital.fi\/fi\/tietoja-meista\/#primaryimage","url":"https:\/\/katternodigital.fi\/wp-content\/uploads\/2020\/10\/ingvarkulla.jpg","contentUrl":"https:\/\/katternodigital.fi\/wp-content\/uploads\/2020\/10\/ingvarkulla.jpg"},{"@type":"BreadcrumbList","@id":"https:\/\/katternodigital.fi\/fi\/tietoja-meista\/#breadcrumb","itemListElement":[{"@type":"ListItem","position":1,"name":"Hem","item":"https:\/\/katternodigital.fi\/fi\/"},{"@type":"ListItem","position":2,"name":"Tietoja meist\u00e4"}]},{"@type":"WebSite","@id":"https:\/\/katternodigital.fi\/fi\/#website","url":"https:\/\/katternodigital.fi\/fi\/","name":"Kattern\u00f6 Digital","description":"Kattern\u00f6-lehti verkossa","publisher":{"@id":"https:\/\/katternodigital.fi\/fi\/#organization"},"potentialAction":[{"@type":"SearchAction","target":{"@type":"EntryPoint","urlTemplate":"https:\/\/katternodigital.fi\/fi\/?s={search_term_string}"},"query-input":{"@type":"PropertyValueSpecification","valueRequired":true,"valueName":"search_term_string"}}],"inLanguage":"fi"},{"@type":"Organization","@id":"https:\/\/katternodigital.fi\/fi\/#organization","name":"Kattern\u00f6 Digital","url":"https:\/\/katternodigital.fi\/fi\/","logo":{"@type":"ImageObject","inLanguage":"fi","@id":"https:\/\/katternodigital.fi\/fi\/#\/schema\/logo\/image\/","url":"https:\/\/katternodigital.fi\/wp-content\/uploads\/2016\/06\/katterno-logo.png","contentUrl":"https:\/\/katternodigital.fi\/wp-content\/uploads\/2016\/06\/katterno-logo.png","width":600,"height":147,"caption":"Kattern\u00f6 Digital"},"image":{"@id":"https:\/\/katternodigital.fi\/fi\/#\/schema\/logo\/image\/"},"sameAs":["https:\/\/www.facebook.com\/herrfors"]}]}},"_links":{"self":[{"href":"https:\/\/katternodigital.fi\/fi\/wp-json\/wp\/v2\/pages\/592"}],"collection":[{"href":"https:\/\/katternodigital.fi\/fi\/wp-json\/wp\/v2\/pages"}],"about":[{"href":"https:\/\/katternodigital.fi\/fi\/wp-json\/wp\/v2\/types\/page"}],"author":[{"embeddable":true,"href":"https:\/\/katternodigital.fi\/fi\/wp-json\/wp\/v2\/users\/2"}],"replies":[{"embeddable":true,"href":"https:\/\/katternodigital.fi\/fi\/wp-json\/wp\/v2\/comments?post=592"}],"version-history":[{"count":0,"href":"https:\/\/katternodigital.fi\/fi\/wp-json\/wp\/v2\/pages\/592\/revisions"}],"wp:attachment":[{"href":"https:\/\/katternodigital.fi\/fi\/wp-json\/wp\/v2\/media?parent=592"}],"curies":[{"name":"wp","href":"https:\/\/api.w.org\/{rel}","templated":true}]}}