{"id":594,"date":"2016-02-16T20:42:16","date_gmt":"2016-02-16T18:42:16","guid":{"rendered":"https:\/\/katternodigital.fi\/fi\/kontakta-oss\/"},"modified":"2016-06-10T16:14:05","modified_gmt":"2016-06-10T13:14:05","slug":"ota-yhteytta","status":"publish","type":"page","link":"https:\/\/katternodigital.fi\/fi\/ota-yhteytta\/","title":{"rendered":"Ota yhteytt\u00e4"},"content":{"rendered":"<div class=\"wpb-content-wrapper\"><p>[vc_row][vc_column][vc_column_text css=&#8221;.vc_custom_1465563917199{margin-bottom: 15px !important;border-bottom-width: 2px !important;padding-bottom: 15px !important;border-bottom-color: #cecdca !important;border-bottom-style: solid !important;}&#8221;]<\/p>\n<h2>Ota yhteytt\u00e4<\/h2>\n<p>[\/vc_column_text][\/vc_column][\/vc_row][vc_row][vc_column width=&#8221;1\/2&#8243;][vc_column_text css=&#8221;.vc_custom_1465564442267{margin-bottom: 30px !important;border-bottom-width: 0px !important;padding-bottom: 30px !important;}&#8221;]\n<div class=\"wpcf7 no-js\" id=\"wpcf7-f1018-o1\" lang=\"sv-SE\" dir=\"ltr\">\n<div class=\"screen-reader-response\"><p role=\"status\" aria-live=\"polite\" aria-atomic=\"true\"><\/p> <ul><\/ul><\/div>\n<form action=\"\/fi\/wp-json\/wp\/v2\/pages\/594#wpcf7-f1018-o1\" method=\"post\" class=\"wpcf7-form init\" aria-label=\"Kontaktformul\u00e4r\" novalidate=\"novalidate\" data-status=\"init\">\n<div style=\"display: none;\">\n<input type=\"hidden\" name=\"_wpcf7\" value=\"1018\" \/>\n<input type=\"hidden\" name=\"_wpcf7_version\" value=\"5.9.8\" \/>\n<input type=\"hidden\" name=\"_wpcf7_locale\" value=\"sv_SE\" \/>\n<input type=\"hidden\" name=\"_wpcf7_unit_tag\" value=\"wpcf7-f1018-o1\" \/>\n<input type=\"hidden\" name=\"_wpcf7_container_post\" value=\"0\" \/>\n<input type=\"hidden\" name=\"_wpcf7_posted_data_hash\" value=\"\" \/>\n<input type=\"hidden\" name=\"_wpcf7_recaptcha_response\" value=\"\" \/>\n<\/div>\n<h5>Palaute ja kysymykset\n<\/h5>\n<h5>Nimi\n<\/h5>\n<p><span class=\"wpcf7-form-control-wrap\" data-name=\"your-name\"><input size=\"40\" maxlength=\"400\" class=\"wpcf7-form-control wpcf7-text wpcf7-validates-as-required\" aria-required=\"true\" aria-invalid=\"false\" value=\"\" type=\"text\" name=\"your-name\" \/><\/span>\n<\/p>\n<h5>S\u00e4hk\u00f6posti\n<\/h5>\n<p><span class=\"wpcf7-form-control-wrap\" data-name=\"your-email\"><input size=\"40\" maxlength=\"400\" class=\"wpcf7-form-control wpcf7-email wpcf7-validates-as-required wpcf7-text wpcf7-validates-as-email\" aria-required=\"true\" aria-invalid=\"false\" value=\"\" type=\"email\" name=\"your-email\" \/><\/span>\n<\/p>\n<h5>Viesti\n<\/h5>\n<p><span class=\"wpcf7-form-control-wrap\" data-name=\"your-message\"><textarea cols=\"40\" rows=\"10\" maxlength=\"2000\" class=\"wpcf7-form-control wpcf7-textarea\" aria-invalid=\"false\" name=\"your-message\"><\/textarea><\/span>\n<\/p>\n<p>T\u00e4m\u00e4n sivun suojaa reCAPTCHA, mik\u00e4 tarkoittaa, ett\u00e4 Googlen <a href=\"https:\/\/policies.google.com\/privacy?hl=fi\">tietosuojak\u00e4yt\u00e4nn\u00f6t<\/a> ja <a href=\"https:\/\/policies.google.com\/terms?hl=fi\">k\u00e4ytt\u00f6ehdot<\/a> ovat voimassa.\n<\/p>\n<p><input class=\"wpcf7-form-control wpcf7-submit has-spinner ktrn-p-send-btn ktrn-g-shadow shadow blue\" type=\"submit\" value=\"L\u00e4het\u00e4\" \/>\n<\/p><div class=\"wpcf7-response-output\" aria-hidden=\"true\"><\/div>\n<\/form>\n<\/div>\n[\/vc_column_text][\/vc_column][vc_column width=&#8221;1\/2&#8243;][\/vc_column][\/vc_row][vc_row][vc_column][vc_column_text css=&#8221;.vc_custom_1456070591256{border-bottom-width: 2px !important;border-bottom-color: #cecdca !important;border-bottom-style: solid !important;}&#8221;][\/vc_column_text][\/vc_column][\/vc_row]<\/p>\n<\/div>","protected":false},"excerpt":{"rendered":"<p>[vc_row][vc_column][vc_column_text css=&#8221;.vc_custom_1465563917199{margin-bottom: 15px !important;border-bottom-width: 2px !important;padding-bottom: 15px !important;border-bottom-color: #cecdca !important;border-bottom-style: solid !important;}&#8221;] Ota yhteytt\u00e4 [\/vc_column_text][\/vc_column][\/vc_row][vc_row][vc_column width=&#8221;1\/2&#8243;][vc_column_text css=&#8221;.vc_custom_1465564442267{margin-bottom: 30px !important;border-bottom-width: 0px !important;padding-bottom: 30px !important;}&#8221;][\/vc_column_text][\/vc_column][vc_column width=&#8221;1\/2&#8243;][\/vc_column][\/vc_row][vc_row][vc_column][vc_column_text css=&#8221;.vc_custom_1456070591256{border-bottom-width: 2px !important;border-bottom-color: #cecdca !important;border-bottom-style: solid !important;}&#8221;][\/vc_column_text][\/vc_column][\/vc_row]<\/p>\n","protected":false},"author":2,"featured_media":0,"parent":0,"menu_order":0,"comment_status":"closed","ping_status":"closed","template":"","meta":{"footnotes":""},"class_list":["post-594","page","type-page","status-publish","hentry","description-off"],"yoast_head":"<!-- This site is optimized with the Yoast SEO plugin v23.7 - https:\/\/yoast.com\/wordpress\/plugins\/seo\/ -->\n<title>Ota yhteytt\u00e4 - Kattern\u00f6 Digital | 2 \u2022 2024<\/title>\n<meta name=\"robots\" content=\"index, follow, max-snippet:-1, max-image-preview:large, max-video-preview:-1\" \/>\n<link rel=\"canonical\" href=\"https:\/\/katternodigital.fi\/fi\/ota-yhteytta\/\" \/>\n<meta property=\"og:locale\" content=\"fi_FI\" \/>\n<meta property=\"og:type\" content=\"article\" \/>\n<meta property=\"og:title\" content=\"Ota yhteytt\u00e4 - Kattern\u00f6 Digital\" \/>\n<meta property=\"og:description\" content=\"[vc_row][vc_column][vc_column_text css=&#8221;.vc_custom_1465563917199{margin-bottom: 15px !important;border-bottom-width: 2px !important;padding-bottom: 15px !important;border-bottom-color: #cecdca !important;border-bottom-style: solid !important;}&#8221;] Ota yhteytt\u00e4 [\/vc_column_text][\/vc_column][\/vc_row][vc_row][vc_column width=&#8221;1\/2&#8243;][vc_column_text css=&#8221;.vc_custom_1465564442267{margin-bottom: 30px !important;border-bottom-width: 0px !important;padding-bottom: 30px !important;}&#8221;][\/vc_column_text][\/vc_column][vc_column width=&#8221;1\/2&#8243;][\/vc_column][\/vc_row][vc_row][vc_column][vc_column_text css=&#8221;.vc_custom_1456070591256{border-bottom-width: 2px !important;border-bottom-color: #cecdca !important;border-bottom-style: solid !important;}&#8221;][\/vc_column_text][\/vc_column][\/vc_row]\" \/>\n<meta property=\"og:url\" content=\"https:\/\/katternodigital.fi\/fi\/ota-yhteytta\/\" \/>\n<meta property=\"og:site_name\" content=\"Kattern\u00f6 Digital\" \/>\n<meta property=\"article:publisher\" content=\"https:\/\/www.facebook.com\/herrfors\" \/>\n<meta property=\"article:modified_time\" content=\"2016-06-10T13:14:05+00:00\" \/>\n<meta property=\"og:image\" content=\"https:\/\/katternodigital.fi\/wp-content\/uploads\/2016\/06\/katterno-logo.png\" \/>\n\t<meta property=\"og:image:width\" content=\"600\" \/>\n\t<meta property=\"og:image:height\" content=\"147\" \/>\n\t<meta property=\"og:image:type\" content=\"image\/png\" \/>\n<meta name=\"twitter:card\" content=\"summary_large_image\" \/>\n<script type=\"application\/ld+json\" class=\"yoast-schema-graph\">{\"@context\":\"https:\/\/schema.org\",\"@graph\":[{\"@type\":\"WebPage\",\"@id\":\"https:\/\/katternodigital.fi\/fi\/ota-yhteytta\/\",\"url\":\"https:\/\/katternodigital.fi\/fi\/ota-yhteytta\/\",\"name\":\"Ota yhteytt\u00e4 - Kattern\u00f6 Digital\",\"isPartOf\":{\"@id\":\"https:\/\/katternodigital.fi\/fi\/#website\"},\"datePublished\":\"2016-02-16T18:42:16+00:00\",\"dateModified\":\"2016-06-10T13:14:05+00:00\",\"breadcrumb\":{\"@id\":\"https:\/\/katternodigital.fi\/fi\/ota-yhteytta\/#breadcrumb\"},\"inLanguage\":\"fi\",\"potentialAction\":[{\"@type\":\"ReadAction\",\"target\":[\"https:\/\/katternodigital.fi\/fi\/ota-yhteytta\/\"]}]},{\"@type\":\"BreadcrumbList\",\"@id\":\"https:\/\/katternodigital.fi\/fi\/ota-yhteytta\/#breadcrumb\",\"itemListElement\":[{\"@type\":\"ListItem\",\"position\":1,\"name\":\"Hem\",\"item\":\"https:\/\/katternodigital.fi\/fi\/\"},{\"@type\":\"ListItem\",\"position\":2,\"name\":\"Ota yhteytt\u00e4\"}]},{\"@type\":\"WebSite\",\"@id\":\"https:\/\/katternodigital.fi\/fi\/#website\",\"url\":\"https:\/\/katternodigital.fi\/fi\/\",\"name\":\"Kattern\u00f6 Digital\",\"description\":\"Kattern\u00f6-lehti verkossa\",\"publisher\":{\"@id\":\"https:\/\/katternodigital.fi\/fi\/#organization\"},\"potentialAction\":[{\"@type\":\"SearchAction\",\"target\":{\"@type\":\"EntryPoint\",\"urlTemplate\":\"https:\/\/katternodigital.fi\/fi\/?s={search_term_string}\"},\"query-input\":{\"@type\":\"PropertyValueSpecification\",\"valueRequired\":true,\"valueName\":\"search_term_string\"}}],\"inLanguage\":\"fi\"},{\"@type\":\"Organization\",\"@id\":\"https:\/\/katternodigital.fi\/fi\/#organization\",\"name\":\"Kattern\u00f6 Digital\",\"url\":\"https:\/\/katternodigital.fi\/fi\/\",\"logo\":{\"@type\":\"ImageObject\",\"inLanguage\":\"fi\",\"@id\":\"https:\/\/katternodigital.fi\/fi\/#\/schema\/logo\/image\/\",\"url\":\"https:\/\/katternodigital.fi\/wp-content\/uploads\/2016\/06\/katterno-logo.png\",\"contentUrl\":\"https:\/\/katternodigital.fi\/wp-content\/uploads\/2016\/06\/katterno-logo.png\",\"width\":600,\"height\":147,\"caption\":\"Kattern\u00f6 Digital\"},\"image\":{\"@id\":\"https:\/\/katternodigital.fi\/fi\/#\/schema\/logo\/image\/\"},\"sameAs\":[\"https:\/\/www.facebook.com\/herrfors\"]}]}<\/script>\n<!-- \/ Yoast SEO plugin. -->","yoast_head_json":{"title":"Ota yhteytt\u00e4 - Kattern\u00f6 Digital | 2 \u2022 2024","robots":{"index":"index","follow":"follow","max-snippet":"max-snippet:-1","max-image-preview":"max-image-preview:large","max-video-preview":"max-video-preview:-1"},"canonical":"https:\/\/katternodigital.fi\/fi\/ota-yhteytta\/","og_locale":"fi_FI","og_type":"article","og_title":"Ota yhteytt\u00e4 - Kattern\u00f6 Digital","og_description":"[vc_row][vc_column][vc_column_text css=&#8221;.vc_custom_1465563917199{margin-bottom: 15px !important;border-bottom-width: 2px !important;padding-bottom: 15px !important;border-bottom-color: #cecdca !important;border-bottom-style: solid !important;}&#8221;] Ota yhteytt\u00e4 [\/vc_column_text][\/vc_column][\/vc_row][vc_row][vc_column width=&#8221;1\/2&#8243;][vc_column_text css=&#8221;.vc_custom_1465564442267{margin-bottom: 30px !important;border-bottom-width: 0px !important;padding-bottom: 30px !important;}&#8221;][\/vc_column_text][\/vc_column][vc_column width=&#8221;1\/2&#8243;][\/vc_column][\/vc_row][vc_row][vc_column][vc_column_text css=&#8221;.vc_custom_1456070591256{border-bottom-width: 2px !important;border-bottom-color: #cecdca !important;border-bottom-style: solid !important;}&#8221;][\/vc_column_text][\/vc_column][\/vc_row]","og_url":"https:\/\/katternodigital.fi\/fi\/ota-yhteytta\/","og_site_name":"Kattern\u00f6 Digital","article_publisher":"https:\/\/www.facebook.com\/herrfors","article_modified_time":"2016-06-10T13:14:05+00:00","og_image":[{"width":600,"height":147,"url":"https:\/\/katternodigital.fi\/wp-content\/uploads\/2016\/06\/katterno-logo.png","type":"image\/png"}],"twitter_card":"summary_large_image","schema":{"@context":"https:\/\/schema.org","@graph":[{"@type":"WebPage","@id":"https:\/\/katternodigital.fi\/fi\/ota-yhteytta\/","url":"https:\/\/katternodigital.fi\/fi\/ota-yhteytta\/","name":"Ota yhteytt\u00e4 - Kattern\u00f6 Digital","isPartOf":{"@id":"https:\/\/katternodigital.fi\/fi\/#website"},"datePublished":"2016-02-16T18:42:16+00:00","dateModified":"2016-06-10T13:14:05+00:00","breadcrumb":{"@id":"https:\/\/katternodigital.fi\/fi\/ota-yhteytta\/#breadcrumb"},"inLanguage":"fi","potentialAction":[{"@type":"ReadAction","target":["https:\/\/katternodigital.fi\/fi\/ota-yhteytta\/"]}]},{"@type":"BreadcrumbList","@id":"https:\/\/katternodigital.fi\/fi\/ota-yhteytta\/#breadcrumb","itemListElement":[{"@type":"ListItem","position":1,"name":"Hem","item":"https:\/\/katternodigital.fi\/fi\/"},{"@type":"ListItem","position":2,"name":"Ota yhteytt\u00e4"}]},{"@type":"WebSite","@id":"https:\/\/katternodigital.fi\/fi\/#website","url":"https:\/\/katternodigital.fi\/fi\/","name":"Kattern\u00f6 Digital","description":"Kattern\u00f6-lehti verkossa","publisher":{"@id":"https:\/\/katternodigital.fi\/fi\/#organization"},"potentialAction":[{"@type":"SearchAction","target":{"@type":"EntryPoint","urlTemplate":"https:\/\/katternodigital.fi\/fi\/?s={search_term_string}"},"query-input":{"@type":"PropertyValueSpecification","valueRequired":true,"valueName":"search_term_string"}}],"inLanguage":"fi"},{"@type":"Organization","@id":"https:\/\/katternodigital.fi\/fi\/#organization","name":"Kattern\u00f6 Digital","url":"https:\/\/katternodigital.fi\/fi\/","logo":{"@type":"ImageObject","inLanguage":"fi","@id":"https:\/\/katternodigital.fi\/fi\/#\/schema\/logo\/image\/","url":"https:\/\/katternodigital.fi\/wp-content\/uploads\/2016\/06\/katterno-logo.png","contentUrl":"https:\/\/katternodigital.fi\/wp-content\/uploads\/2016\/06\/katterno-logo.png","width":600,"height":147,"caption":"Kattern\u00f6 Digital"},"image":{"@id":"https:\/\/katternodigital.fi\/fi\/#\/schema\/logo\/image\/"},"sameAs":["https:\/\/www.facebook.com\/herrfors"]}]}},"_links":{"self":[{"href":"https:\/\/katternodigital.fi\/fi\/wp-json\/wp\/v2\/pages\/594"}],"collection":[{"href":"https:\/\/katternodigital.fi\/fi\/wp-json\/wp\/v2\/pages"}],"about":[{"href":"https:\/\/katternodigital.fi\/fi\/wp-json\/wp\/v2\/types\/page"}],"author":[{"embeddable":true,"href":"https:\/\/katternodigital.fi\/fi\/wp-json\/wp\/v2\/users\/2"}],"replies":[{"embeddable":true,"href":"https:\/\/katternodigital.fi\/fi\/wp-json\/wp\/v2\/comments?post=594"}],"version-history":[{"count":0,"href":"https:\/\/katternodigital.fi\/fi\/wp-json\/wp\/v2\/pages\/594\/revisions"}],"wp:attachment":[{"href":"https:\/\/katternodigital.fi\/fi\/wp-json\/wp\/v2\/media?parent=594"}],"curies":[{"name":"wp","href":"https:\/\/api.w.org\/{rel}","templated":true}]}}